{"id":23,"date":"2021-12-07T20:02:29","date_gmt":"2021-12-07T20:02:29","guid":{"rendered":"https:\/\/papua.rocks\/?page_id=23"},"modified":"2024-07-09T19:53:53","modified_gmt":"2024-07-09T22:53:53","slug":"totems","status":"publish","type":"page","link":"https:\/\/papua.rocks\/es\/totems\/","title":{"rendered":"TOTEMS"},"content":{"rendered":"\t\t<div data-elementor-type=\"wp-page\" data-elementor-id=\"23\" class=\"elementor elementor-23\">\n\t\t\t\t\t\t<section class=\"has_eae_slider elementor-section elementor-top-section elementor-element elementor-element-20ab22d elementor-section-stretched elementor-hidden-mobile elementor-section-boxed elementor-section-height-default elementor-section-height-default\" data-id=\"20ab22d\" data-element_type=\"section\" data-settings=\"{&quot;stretch_section&quot;:&quot;section-stretched&quot;,&quot;background_background&quot;:&quot;classic&quot;}\">\n\t\t\t\t\t\t\t<div class=\"elementor-background-overlay\"><\/div>\n\t\t\t\t\t\t\t<div class=\"elementor-container elementor-column-gap-default\">\n\t\t\t\t\t<div class=\"has_eae_slider elementor-column elementor-col-100 elementor-top-column elementor-element elementor-element-113612f\" data-id=\"113612f\" data-element_type=\"column\" data-settings=\"{&quot;background_background&quot;:&quot;gradient&quot;}\">\n\t\t\t<div class=\"elementor-widget-wrap elementor-element-populated\">\n\t\t\t\t\t<div class=\"elementor-background-overlay\"><\/div>\n\t\t\t\t\t\t<div class=\"elementor-element elementor-element-5fbf38d elementor-widget elementor-widget-text-editor\" data-id=\"5fbf38d\" data-element_type=\"widget\" data-widget_type=\"text-editor.default\">\n\t\t\t\t<div class=\"elementor-widget-container\">\n\t\t\t<style>\/*! elementor - v3.22.0 - 26-06-2024 *\/\n.elementor-widget-text-editor.elementor-drop-cap-view-stacked .elementor-drop-cap{background-color:#69727d;color:#fff}.elementor-widget-text-editor.elementor-drop-cap-view-framed .elementor-drop-cap{color:#69727d;border:3px solid;background-color:transparent}.elementor-widget-text-editor:not(.elementor-drop-cap-view-default) .elementor-drop-cap{margin-top:8px}.elementor-widget-text-editor:not(.elementor-drop-cap-view-default) .elementor-drop-cap-letter{width:1em;height:1em}.elementor-widget-text-editor .elementor-drop-cap{float:left;text-align:center;line-height:1;font-size:50px}.elementor-widget-text-editor .elementor-drop-cap-letter{display:inline-block}<\/style>\t\t\t\t<p>Un producto \u00fanico con un exhibidor \u00fanico, busca los T\u00f3tems Papua\u00ae en nuestros puntos de venta, ah\u00ed vas a encontrar ese porta p\u00faas que estas buscando.<br \/>Si quer\u00e9s formar parte de nuestra familia y ser uno de nuestros representantes pod\u00e9s convertirte en un Papua\u00ae Point llenando el formulario de contacto, \u00bfte sum\u00e1s a nuestra comunidad?&#8230;<\/p>\t\t\t\t\t\t<\/div>\n\t\t\t\t<\/div>\n\t\t\t\t<div class=\"elementor-element elementor-element-fb014f6 elementor-widget elementor-widget-image\" data-id=\"fb014f6\" data-element_type=\"widget\" data-widget_type=\"image.default\">\n\t\t\t\t<div class=\"elementor-widget-container\">\n\t\t\t<style>\/*! elementor - v3.22.0 - 26-06-2024 *\/\n.elementor-widget-image{text-align:center}.elementor-widget-image a{display:inline-block}.elementor-widget-image a img[src$=\".svg\"]{width:48px}.elementor-widget-image img{vertical-align:middle;display:inline-block}<\/style>\t\t\t\t\t\t\t\t\t\t<img fetchpriority=\"high\" decoding=\"async\" width=\"768\" height=\"994\" src=\"https:\/\/papua.rocks\/wp-content\/uploads\/2024\/07\/IMG_5700-scaled-e1720384095586-768x994.jpg\" class=\"attachment-medium_large size-medium_large wp-image-1393\" alt=\"\" srcset=\"https:\/\/papua.rocks\/wp-content\/uploads\/2024\/07\/IMG_5700-scaled-e1720384095586-768x994.jpg 768w, https:\/\/papua.rocks\/wp-content\/uploads\/2024\/07\/IMG_5700-scaled-e1720384095586-232x300.jpg 232w, https:\/\/papua.rocks\/wp-content\/uploads\/2024\/07\/IMG_5700-scaled-e1720384095586-791x1024.jpg 791w, https:\/\/papua.rocks\/wp-content\/uploads\/2024\/07\/IMG_5700-scaled-e1720384095586-1187x1536.jpg 1187w, https:\/\/papua.rocks\/wp-content\/uploads\/2024\/07\/IMG_5700-scaled-e1720384095586-9x12.jpg 9w, https:\/\/papua.rocks\/wp-content\/uploads\/2024\/07\/IMG_5700-scaled-e1720384095586.jpg 1348w\" sizes=\"(max-width: 768px) 100vw, 768px\" \/>\t\t\t\t\t\t\t\t\t\t\t\t\t<\/div>\n\t\t\t\t<\/div>\n\t\t\t\t\t<\/div>\n\t\t<\/div>\n\t\t\t\t\t<\/div>\n\t\t<\/section>\n\t\t\t\t<section class=\"has_eae_slider elementor-section elementor-top-section elementor-element elementor-element-3452113 elementor-section-stretched elementor-hidden-desktop elementor-hidden-tablet elementor-hidden-mobile elementor-section-boxed elementor-section-height-default elementor-section-height-default\" data-id=\"3452113\" data-element_type=\"section\" data-settings=\"{&quot;stretch_section&quot;:&quot;section-stretched&quot;,&quot;background_background&quot;:&quot;classic&quot;}\">\n\t\t\t\t\t\t\t<div class=\"elementor-background-overlay\"><\/div>\n\t\t\t\t\t\t\t<div class=\"elementor-container elementor-column-gap-default\">\n\t\t\t\t\t<div class=\"has_eae_slider elementor-column elementor-col-12 elementor-top-column elementor-element elementor-element-a2286e2\" data-id=\"a2286e2\" data-element_type=\"column\" data-settings=\"{&quot;background_background&quot;:&quot;classic&quot;}\">\n\t\t\t<div class=\"elementor-widget-wrap elementor-element-populated\">\n\t\t\t\t\t<div class=\"elementor-background-overlay\"><\/div>\n\t\t\t\t\t\t<div class=\"elementor-element elementor-element-3b8e435 elementor-widget elementor-widget-image\" data-id=\"3b8e435\" data-element_type=\"widget\" data-widget_type=\"image.default\">\n\t\t\t\t<div class=\"elementor-widget-container\">\n\t\t\t\t\t\t\t\t\t\t\t\t\t<img decoding=\"async\" width=\"1024\" height=\"455\" data-src=\"https:\/\/papua.rocks\/wp-content\/uploads\/2021\/12\/Logo-Ind-Arg-1024x455.png\" class=\"attachment-large size-large wp-image-72 lazyload\" alt=\"\" data-srcset=\"https:\/\/papua.rocks\/wp-content\/uploads\/2021\/12\/Logo-Ind-Arg-1024x455.png 1024w, https:\/\/papua.rocks\/wp-content\/uploads\/2021\/12\/Logo-Ind-Arg-300x133.png 300w, https:\/\/papua.rocks\/wp-content\/uploads\/2021\/12\/Logo-Ind-Arg-768x341.png 768w, https:\/\/papua.rocks\/wp-content\/uploads\/2021\/12\/Logo-Ind-Arg-1536x682.png 1536w, https:\/\/papua.rocks\/wp-content\/uploads\/2021\/12\/Logo-Ind-Arg.png 1668w\" data-sizes=\"(max-width: 1024px) 100vw, 1024px\" src=\"data:image\/gif;base64,R0lGODlhAQABAAAAACH5BAEKAAEALAAAAAABAAEAAAICTAEAOw==\" style=\"--smush-placeholder-width: 1024px; --smush-placeholder-aspect-ratio: 1024\/455;\" \/><noscript><img decoding=\"async\" width=\"1024\" height=\"455\" src=\"https:\/\/papua.rocks\/wp-content\/uploads\/2021\/12\/Logo-Ind-Arg-1024x455.png\" class=\"attachment-large size-large wp-image-72\" alt=\"\" srcset=\"https:\/\/papua.rocks\/wp-content\/uploads\/2021\/12\/Logo-Ind-Arg-1024x455.png 1024w, https:\/\/papua.rocks\/wp-content\/uploads\/2021\/12\/Logo-Ind-Arg-300x133.png 300w, https:\/\/papua.rocks\/wp-content\/uploads\/2021\/12\/Logo-Ind-Arg-768x341.png 768w, https:\/\/papua.rocks\/wp-content\/uploads\/2021\/12\/Logo-Ind-Arg-1536x682.png 1536w, https:\/\/papua.rocks\/wp-content\/uploads\/2021\/12\/Logo-Ind-Arg.png 1668w\" sizes=\"(max-width: 1024px) 100vw, 1024px\" \/><\/noscript>\t\t\t\t\t\t\t\t\t\t\t\t\t<\/div>\n\t\t\t\t<\/div>\n\t\t\t\t\t<\/div>\n\t\t<\/div>\n\t\t\t\t<div class=\"has_eae_slider elementor-column elementor-col-12 elementor-top-column elementor-element elementor-element-35f5c15\" data-id=\"35f5c15\" data-element_type=\"column\" data-settings=\"{&quot;background_background&quot;:&quot;classic&quot;}\">\n\t\t\t<div class=\"elementor-widget-wrap elementor-element-populated\">\n\t\t\t\t\t<div class=\"elementor-background-overlay\"><\/div>\n\t\t\t\t\t\t<div class=\"elementor-element elementor-element-2c3d664 elementor-widget elementor-widget-image\" data-id=\"2c3d664\" data-element_type=\"widget\" data-widget_type=\"image.default\">\n\t\t\t\t<div class=\"elementor-widget-container\">\n\t\t\t\t\t\t\t\t\t\t\t\t\t<img decoding=\"async\" data-src=\"https:\/\/papua.rocks\/wp-content\/uploads\/elementor\/thumbs\/fondopng-phdsm8x5yp73v7fw14xvc2mfuf2r16n6fuqggfn2aw.png\" title=\"fondopng\" alt=\"fondopng\" loading=\"lazy\" src=\"data:image\/gif;base64,R0lGODlhAQABAAAAACH5BAEKAAEALAAAAAABAAEAAAICTAEAOw==\" class=\"lazyload\" style=\"--smush-placeholder-width: 10px; --smush-placeholder-aspect-ratio: 10\/100;\" \/><noscript><img decoding=\"async\" src=\"https:\/\/papua.rocks\/wp-content\/uploads\/elementor\/thumbs\/fondopng-phdsm8x5yp73v7fw14xvc2mfuf2r16n6fuqggfn2aw.png\" title=\"fondopng\" alt=\"fondopng\" loading=\"lazy\" \/><\/noscript>\t\t\t\t\t\t\t\t\t\t\t\t\t<\/div>\n\t\t\t\t<\/div>\n\t\t\t\t\t<\/div>\n\t\t<\/div>\n\t\t\t\t<div class=\"has_eae_slider elementor-column elementor-col-12 elementor-top-column elementor-element elementor-element-2e96386\" data-id=\"2e96386\" data-element_type=\"column\" data-settings=\"{&quot;background_background&quot;:&quot;classic&quot;}\">\n\t\t\t<div class=\"elementor-widget-wrap elementor-element-populated\">\n\t\t\t\t\t<div class=\"elementor-background-overlay\"><\/div>\n\t\t\t\t\t\t<div class=\"elementor-element elementor-element-cc5f359 elementor-widget elementor-widget-image\" data-id=\"cc5f359\" data-element_type=\"widget\" data-widget_type=\"image.default\">\n\t\t\t\t<div class=\"elementor-widget-container\">\n\t\t\t\t\t\t\t\t\t\t\t\t\t\t<a href=\"http:\/\/wa.link\/gm30ij\">\n\t\t\t\t\t\t\t<img decoding=\"async\" data-src=\"https:\/\/papua.rocks\/wp-content\/uploads\/elementor\/thumbs\/Iconos-Whapp-ph6khgrgqrprn2088zgmbaqwh61107f120iesxtzu6.png\" title=\"Iconos Whapp\" alt=\"Iconos Whapp\" loading=\"lazy\" src=\"data:image\/gif;base64,R0lGODlhAQABAAAAACH5BAEKAAEALAAAAAABAAEAAAICTAEAOw==\" class=\"lazyload\" style=\"--smush-placeholder-width: 75px; --smush-placeholder-aspect-ratio: 75\/75;\" \/><noscript><img decoding=\"async\" src=\"https:\/\/papua.rocks\/wp-content\/uploads\/elementor\/thumbs\/Iconos-Whapp-ph6khgrgqrprn2088zgmbaqwh61107f120iesxtzu6.png\" title=\"Iconos Whapp\" alt=\"Iconos Whapp\" loading=\"lazy\" \/><\/noscript>\t\t\t\t\t\t\t\t<\/a>\n\t\t\t\t\t\t\t\t\t\t\t\t\t<\/div>\n\t\t\t\t<\/div>\n\t\t\t\t\t<\/div>\n\t\t<\/div>\n\t\t\t\t<div class=\"has_eae_slider elementor-column elementor-col-12 elementor-top-column elementor-element elementor-element-ccebca5\" data-id=\"ccebca5\" data-element_type=\"column\" data-settings=\"{&quot;background_background&quot;:&quot;classic&quot;}\">\n\t\t\t<div class=\"elementor-widget-wrap elementor-element-populated\">\n\t\t\t\t\t<div class=\"elementor-background-overlay\"><\/div>\n\t\t\t\t\t\t<div class=\"elementor-element elementor-element-64a2b0c elementor-widget elementor-widget-image\" data-id=\"64a2b0c\" data-element_type=\"widget\" data-widget_type=\"image.default\">\n\t\t\t\t<div class=\"elementor-widget-container\">\n\t\t\t\t\t\t\t\t\t\t\t\t\t\t<a href=\"https:\/\/www.instagram.com\/papua.rocks\/\">\n\t\t\t\t\t\t\t<img decoding=\"async\" data-src=\"https:\/\/papua.rocks\/wp-content\/uploads\/elementor\/thumbs\/Iconos-Ig-ph6kk0vncj7v8uafb3a23ni2oxezyjkq2ofzu21ewe.png\" title=\"Iconos Ig\" alt=\"Iconos Ig\" loading=\"lazy\" src=\"data:image\/gif;base64,R0lGODlhAQABAAAAACH5BAEKAAEALAAAAAABAAEAAAICTAEAOw==\" class=\"lazyload\" style=\"--smush-placeholder-width: 75px; --smush-placeholder-aspect-ratio: 75\/75;\" \/><noscript><img decoding=\"async\" src=\"https:\/\/papua.rocks\/wp-content\/uploads\/elementor\/thumbs\/Iconos-Ig-ph6kk0vncj7v8uafb3a23ni2oxezyjkq2ofzu21ewe.png\" title=\"Iconos Ig\" alt=\"Iconos Ig\" loading=\"lazy\" \/><\/noscript>\t\t\t\t\t\t\t\t<\/a>\n\t\t\t\t\t\t\t\t\t\t\t\t\t<\/div>\n\t\t\t\t<\/div>\n\t\t\t\t\t<\/div>\n\t\t<\/div>\n\t\t\t\t<div class=\"has_eae_slider elementor-column elementor-col-12 elementor-top-column elementor-element elementor-element-06df2b5\" data-id=\"06df2b5\" data-element_type=\"column\" data-settings=\"{&quot;background_background&quot;:&quot;classic&quot;}\">\n\t\t\t<div class=\"elementor-widget-wrap elementor-element-populated\">\n\t\t\t\t\t<div class=\"elementor-background-overlay\"><\/div>\n\t\t\t\t\t\t<div class=\"elementor-element elementor-element-84c02fc elementor-widget elementor-widget-image\" data-id=\"84c02fc\" data-element_type=\"widget\" data-widget_type=\"image.default\">\n\t\t\t\t<div class=\"elementor-widget-container\">\n\t\t\t\t\t\t\t\t\t\t\t\t\t\t<a href=\"https:\/\/www.facebook.com\/PapuaRocks-106514105100594\/?hc_ref=ARRCA233QNXPPuz0NXBWQMAIBrkJxYtFM_HkkUlJvNT29y6vpfS5yp07SyoTrJO9tzs&#038;fref=nf&#038;__tn__=kC-R\">\n\t\t\t\t\t\t\t<img decoding=\"async\" data-src=\"https:\/\/papua.rocks\/wp-content\/uploads\/elementor\/thumbs\/Iconos-Fb-ph6kk0vncj7v8uafb3a23ni2oxezyjkq2ofzu21ewe.png\" title=\"Iconos Fb\" alt=\"fb\" loading=\"lazy\" src=\"data:image\/gif;base64,R0lGODlhAQABAAAAACH5BAEKAAEALAAAAAABAAEAAAICTAEAOw==\" class=\"lazyload\" style=\"--smush-placeholder-width: 75px; --smush-placeholder-aspect-ratio: 75\/75;\" \/><noscript><img decoding=\"async\" src=\"https:\/\/papua.rocks\/wp-content\/uploads\/elementor\/thumbs\/Iconos-Fb-ph6kk0vncj7v8uafb3a23ni2oxezyjkq2ofzu21ewe.png\" title=\"Iconos Fb\" alt=\"fb\" loading=\"lazy\" \/><\/noscript>\t\t\t\t\t\t\t\t<\/a>\n\t\t\t\t\t\t\t\t\t\t\t\t\t<\/div>\n\t\t\t\t<\/div>\n\t\t\t\t\t<\/div>\n\t\t<\/div>\n\t\t\t\t<div class=\"has_eae_slider elementor-column elementor-col-12 elementor-top-column elementor-element elementor-element-30e12f6\" data-id=\"30e12f6\" data-element_type=\"column\" data-settings=\"{&quot;background_background&quot;:&quot;classic&quot;}\">\n\t\t\t<div class=\"elementor-widget-wrap elementor-element-populated\">\n\t\t\t\t\t<div class=\"elementor-background-overlay\"><\/div>\n\t\t\t\t\t\t<div class=\"elementor-element elementor-element-443e3de elementor-widget elementor-widget-image\" data-id=\"443e3de\" data-element_type=\"widget\" data-widget_type=\"image.default\">\n\t\t\t\t<div class=\"elementor-widget-container\">\n\t\t\t\t\t\t\t\t\t\t\t\t\t\t<a href=\"mailto:info@papua.rocks\">\n\t\t\t\t\t\t\t<img decoding=\"async\" data-src=\"https:\/\/papua.rocks\/wp-content\/uploads\/elementor\/thumbs\/Iconos-Mail-ph6kk1thjd95kg925looo59jabad68oget3hbc00q6.png\" title=\"Iconos Mail\" alt=\"Iconos Mail\" loading=\"lazy\" src=\"data:image\/gif;base64,R0lGODlhAQABAAAAACH5BAEKAAEALAAAAAABAAEAAAICTAEAOw==\" class=\"lazyload\" style=\"--smush-placeholder-width: 75px; --smush-placeholder-aspect-ratio: 75\/75;\" \/><noscript><img decoding=\"async\" src=\"https:\/\/papua.rocks\/wp-content\/uploads\/elementor\/thumbs\/Iconos-Mail-ph6kk1thjd95kg925looo59jabad68oget3hbc00q6.png\" title=\"Iconos Mail\" alt=\"Iconos Mail\" loading=\"lazy\" \/><\/noscript>\t\t\t\t\t\t\t\t<\/a>\n\t\t\t\t\t\t\t\t\t\t\t\t\t<\/div>\n\t\t\t\t<\/div>\n\t\t\t\t\t<\/div>\n\t\t<\/div>\n\t\t\t\t<div class=\"has_eae_slider elementor-column elementor-col-12 elementor-top-column elementor-element elementor-element-7bc79c1\" data-id=\"7bc79c1\" data-element_type=\"column\" data-settings=\"{&quot;background_background&quot;:&quot;classic&quot;}\">\n\t\t\t<div class=\"elementor-widget-wrap elementor-element-populated\">\n\t\t\t\t\t<div class=\"elementor-background-overlay\"><\/div>\n\t\t\t\t\t\t<div class=\"elementor-element elementor-element-ac81992 elementor-widget elementor-widget-image\" data-id=\"ac81992\" data-element_type=\"widget\" data-widget_type=\"image.default\">\n\t\t\t\t<div class=\"elementor-widget-container\">\n\t\t\t\t\t\t\t\t\t\t\t\t\t<img decoding=\"async\" data-src=\"https:\/\/papua.rocks\/wp-content\/uploads\/elementor\/thumbs\/fondopng-phdsm8x5ubb0c4r34dwsas2lflw85aqnrvvo7xdczk.png\" title=\"fondopng\" alt=\"fondopng\" loading=\"lazy\" src=\"data:image\/gif;base64,R0lGODlhAQABAAAAACH5BAEKAAEALAAAAAABAAEAAAICTAEAOw==\" class=\"lazyload\" style=\"--smush-placeholder-width: 30px; --smush-placeholder-aspect-ratio: 30\/10;\" \/><noscript><img decoding=\"async\" src=\"https:\/\/papua.rocks\/wp-content\/uploads\/elementor\/thumbs\/fondopng-phdsm8x5ubb0c4r34dwsas2lflw85aqnrvvo7xdczk.png\" title=\"fondopng\" alt=\"fondopng\" loading=\"lazy\" \/><\/noscript>\t\t\t\t\t\t\t\t\t\t\t\t\t<\/div>\n\t\t\t\t<\/div>\n\t\t\t\t\t<\/div>\n\t\t<\/div>\n\t\t\t\t<div class=\"has_eae_slider elementor-column elementor-col-12 elementor-top-column elementor-element elementor-element-e85da27\" data-id=\"e85da27\" data-element_type=\"column\" data-settings=\"{&quot;background_background&quot;:&quot;classic&quot;}\">\n\t\t\t<div class=\"elementor-widget-wrap elementor-element-populated\">\n\t\t\t\t\t<div class=\"elementor-background-overlay\"><\/div>\n\t\t\t\t\t\t<div class=\"elementor-element elementor-element-84ce058 elementor-widget elementor-widget-image\" data-id=\"84ce058\" data-element_type=\"widget\" data-widget_type=\"image.default\">\n\t\t\t\t<div class=\"elementor-widget-container\">\n\t\t\t\t\t\t\t\t\t\t\t\t\t<img decoding=\"async\" width=\"300\" height=\"100\" data-src=\"https:\/\/papua.rocks\/wp-content\/uploads\/2021\/12\/fondopng.png\" class=\"attachment-medium_large size-medium_large wp-image-377 lazyload\" alt=\"\" src=\"data:image\/gif;base64,R0lGODlhAQABAAAAACH5BAEKAAEALAAAAAABAAEAAAICTAEAOw==\" style=\"--smush-placeholder-width: 300px; --smush-placeholder-aspect-ratio: 300\/100;\" \/><noscript><img decoding=\"async\" width=\"300\" height=\"100\" src=\"https:\/\/papua.rocks\/wp-content\/uploads\/2021\/12\/fondopng.png\" class=\"attachment-medium_large size-medium_large wp-image-377\" alt=\"\" \/><\/noscript>\t\t\t\t\t\t\t\t\t\t\t\t\t<\/div>\n\t\t\t\t<\/div>\n\t\t\t\t\t<\/div>\n\t\t<\/div>\n\t\t\t\t\t<\/div>\n\t\t<\/section>\n\t\t\t\t<section class=\"has_eae_slider elementor-section elementor-top-section elementor-element elementor-element-b23aa60 elementor-section-boxed elementor-section-height-default elementor-section-height-default\" data-id=\"b23aa60\" data-element_type=\"section\">\n\t\t\t\t\t\t<div class=\"elementor-container elementor-column-gap-default\">\n\t\t\t\t\t<div class=\"has_eae_slider elementor-column elementor-col-100 elementor-top-column elementor-element elementor-element-961ee9d\" data-id=\"961ee9d\" data-element_type=\"column\">\n\t\t\t<div class=\"elementor-widget-wrap elementor-element-populated\">\n\t\t\t\t\t\t<div class=\"elementor-element elementor-element-34db886 elementor-widget elementor-widget-image\" data-id=\"34db886\" data-element_type=\"widget\" data-widget_type=\"image.default\">\n\t\t\t\t<div class=\"elementor-widget-container\">\n\t\t\t\t\t\t\t\t\t\t\t\t\t<img loading=\"lazy\" decoding=\"async\" width=\"374\" height=\"1024\" data-src=\"https:\/\/papua.rocks\/wp-content\/uploads\/2024\/07\/totem-374x1024.png\" class=\"attachment-large size-large wp-image-1350 lazyload\" alt=\"\" data-srcset=\"https:\/\/papua.rocks\/wp-content\/uploads\/2024\/07\/totem-374x1024.png 374w, https:\/\/papua.rocks\/wp-content\/uploads\/2024\/07\/totem-110x300.png 110w, https:\/\/papua.rocks\/wp-content\/uploads\/2024\/07\/totem-768x2104.png 768w, https:\/\/papua.rocks\/wp-content\/uploads\/2024\/07\/totem-561x1536.png 561w, https:\/\/papua.rocks\/wp-content\/uploads\/2024\/07\/totem-748x2048.png 748w, https:\/\/papua.rocks\/wp-content\/uploads\/2024\/07\/totem-4x12.png 4w, https:\/\/papua.rocks\/wp-content\/uploads\/2024\/07\/totem.png 1566w\" data-sizes=\"(max-width: 374px) 100vw, 374px\" src=\"data:image\/gif;base64,R0lGODlhAQABAAAAACH5BAEKAAEALAAAAAABAAEAAAICTAEAOw==\" style=\"--smush-placeholder-width: 374px; --smush-placeholder-aspect-ratio: 374\/1024;\" \/><noscript><img loading=\"lazy\" decoding=\"async\" width=\"374\" height=\"1024\" src=\"https:\/\/papua.rocks\/wp-content\/uploads\/2024\/07\/totem-374x1024.png\" class=\"attachment-large size-large wp-image-1350\" alt=\"\" srcset=\"https:\/\/papua.rocks\/wp-content\/uploads\/2024\/07\/totem-374x1024.png 374w, https:\/\/papua.rocks\/wp-content\/uploads\/2024\/07\/totem-110x300.png 110w, https:\/\/papua.rocks\/wp-content\/uploads\/2024\/07\/totem-768x2104.png 768w, https:\/\/papua.rocks\/wp-content\/uploads\/2024\/07\/totem-561x1536.png 561w, https:\/\/papua.rocks\/wp-content\/uploads\/2024\/07\/totem-748x2048.png 748w, https:\/\/papua.rocks\/wp-content\/uploads\/2024\/07\/totem-4x12.png 4w, https:\/\/papua.rocks\/wp-content\/uploads\/2024\/07\/totem.png 1566w\" sizes=\"(max-width: 374px) 100vw, 374px\" \/><\/noscript>\t\t\t\t\t\t\t\t\t\t\t\t\t<\/div>\n\t\t\t\t<\/div>\n\t\t\t\t<div class=\"elementor-element elementor-element-544091b elementor-widget elementor-widget-text-editor\" data-id=\"544091b\" data-element_type=\"widget\" data-widget_type=\"text-editor.default\">\n\t\t\t\t<div class=\"elementor-widget-container\">\n\t\t\t\t\t\t\t<p>Un producto \u00fanico con un exhibidor \u00fanico, busca los T\u00f3tems Papua\u00ae en nuestros puntos de venta, ah\u00ed vas a encontrar ese porta p\u00faas que estas buscando.<br \/>Si quer\u00e9s formar parte de nuestra familia y ser uno de nuestros representantes pod\u00e9s convertirte en un Papua\u00ae Point llenando el formulario de contacto, \u00bfte sum\u00e1s a nuestra comunidad?&#8230;<\/p>\t\t\t\t\t\t<\/div>\n\t\t\t\t<\/div>\n\t\t\t\t\t<\/div>\n\t\t<\/div>\n\t\t\t\t\t<\/div>\n\t\t<\/section>\n\t\t\t\t<\/div>\n\t\t","protected":false},"excerpt":{"rendered":"<p>Un producto \u00fanico con un exhibidor \u00fanico, busca los T\u00f3tems Papua\u00ae en nuestros puntos de venta, ah\u00ed vas a encontrar ese porta p\u00faas que estas buscando.Si quer\u00e9s formar parte de nuestra familia y ser uno de nuestros representantes pod\u00e9s convertirte en un Papua\u00ae Point llenando el formulario de contacto, \u00bfte sum\u00e1s a nuestra comunidad?&#8230; Un [&hellip;]<\/p>\n","protected":false},"author":2,"featured_media":0,"parent":0,"menu_order":0,"comment_status":"closed","ping_status":"closed","template":"","meta":{"site-sidebar-layout":"no-sidebar","site-content-layout":"page-builder","ast-site-content-layout":"","site-content-style":"default","site-sidebar-style":"default","ast-global-header-display":"","ast-banner-title-visibility":"","ast-main-header-display":"","ast-hfb-above-header-display":"","ast-hfb-below-header-display":"","ast-hfb-mobile-header-display":"","site-post-title":"disabled","ast-breadcrumbs-content":"","ast-featured-img":"disabled","footer-sml-layout":"","theme-transparent-header-meta":"","adv-header-id-meta":"","stick-header-meta":"","header-above-stick-meta":"","header-main-stick-meta":"","header-below-stick-meta":"","astra-migrate-meta-layouts":"default","ast-page-background-enabled":"default","ast-page-background-meta":{"desktop":{"background-color":"var(--ast-global-color-4)","background-image":"","background-repeat":"repeat","background-position":"center center","background-size":"auto","background-attachment":"scroll","background-type":"","background-media":"","overlay-type":"","overlay-color":"","overlay-gradient":""},"tablet":{"background-color":"","background-image":"","background-repeat":"repeat","background-position":"center center","background-size":"auto","background-attachment":"scroll","background-type":"","background-media":"","overlay-type":"","overlay-color":"","overlay-gradient":""},"mobile":{"background-color":"","background-image":"","background-repeat":"repeat","background-position":"center center","background-size":"auto","background-attachment":"scroll","background-type":"","background-media":"","overlay-type":"","overlay-color":"","overlay-gradient":""}},"ast-content-background-meta":{"desktop":{"background-color":"var(--ast-global-color-5)","background-image":"","background-repeat":"repeat","background-position":"center center","background-size":"auto","background-attachment":"scroll","background-type":"","background-media":"","overlay-type":"","overlay-color":"","overlay-gradient":""},"tablet":{"background-color":"var(--ast-global-color-5)","background-image":"","background-repeat":"repeat","background-position":"center center","background-size":"auto","background-attachment":"scroll","background-type":"","background-media":"","overlay-type":"","overlay-color":"","overlay-gradient":""},"mobile":{"background-color":"var(--ast-global-color-5)","background-image":"","background-repeat":"repeat","background-position":"center center","background-size":"auto","background-attachment":"scroll","background-type":"","background-media":"","overlay-type":"","overlay-color":"","overlay-gradient":""}},"footnotes":""},"_links":{"self":[{"href":"https:\/\/papua.rocks\/es\/wp-json\/wp\/v2\/pages\/23"}],"collection":[{"href":"https:\/\/papua.rocks\/es\/wp-json\/wp\/v2\/pages"}],"about":[{"href":"https:\/\/papua.rocks\/es\/wp-json\/wp\/v2\/types\/page"}],"author":[{"embeddable":true,"href":"https:\/\/papua.rocks\/es\/wp-json\/wp\/v2\/users\/2"}],"replies":[{"embeddable":true,"href":"https:\/\/papua.rocks\/es\/wp-json\/wp\/v2\/comments?post=23"}],"version-history":[{"count":44,"href":"https:\/\/papua.rocks\/es\/wp-json\/wp\/v2\/pages\/23\/revisions"}],"predecessor-version":[{"id":1494,"href":"https:\/\/papua.rocks\/es\/wp-json\/wp\/v2\/pages\/23\/revisions\/1494"}],"wp:attachment":[{"href":"https:\/\/papua.rocks\/es\/wp-json\/wp\/v2\/media?parent=23"}],"curies":[{"name":"wp","href":"https:\/\/api.w.org\/{rel}","templated":true}]}}